{"id":3852,"date":"2023-01-05T10:47:08","date_gmt":"2023-01-05T10:47:08","guid":{"rendered":"https:\/\/laurelbudapest.hu\/menu\/"},"modified":"2024-04-23T08:42:59","modified_gmt":"2024-04-23T08:42:59","slug":"menu","status":"publish","type":"page","link":"https:\/\/laurelbudapest.hu\/en\/menu\/","title":{"rendered":"Menu"},"content":{"rendered":"<p>[et_pb_section fb_built=&#8221;1&#8243; _builder_version=&#8221;4.24.2&#8243; background_image=&#8221;https:\/\/laurelbudapest.hu\/wp-content\/uploads\/2024\/04\/Laurel-Budapest-fine-dining-menu-6.jpg&#8221; custom_margin=&#8221;0px||0px|&#8221; custom_padding=&#8221;0px||0px|&#8221; hover_enabled=&#8221;0&#8243; z_index_tablet=&#8221;500&#8243; global_colors_info=&#8221;{}&#8221; alt=&#8221;Laurel Budapest, fine dining \u00e9tterem&#8221; title_text=&#8221;Laurel Budapest, fine dining \u00e9tterem&#8221; sticky_enabled=&#8221;0&#8243; da_is_popup=&#8221;off&#8221; da_exit_intent=&#8221;off&#8221; da_has_close=&#8221;on&#8221; da_alt_close=&#8221;off&#8221; da_dark_close=&#8221;off&#8221; da_not_modal=&#8221;on&#8221; da_is_singular=&#8221;off&#8221; da_with_loader=&#8221;off&#8221; da_has_shadow=&#8221;on&#8221; da_disable_devices=&#8221;off|off|off&#8221;][et_pb_row use_custom_gutter=&#8221;on&#8221; gutter_width=&#8221;1&#8243; custom_padding_last_edited=&#8221;on|phone&#8221; _builder_version=&#8221;4.16&#8243; background_color=&#8221;rgba(0,0,0,0.2)&#8221; background_size=&#8221;initial&#8221; background_position=&#8221;top_left&#8221; background_repeat=&#8221;repeat&#8221; width=&#8221;100%&#8221; max_width=&#8221;2560px&#8221; custom_padding=&#8221;205px||205px|&#8221; custom_padding_tablet=&#8221;100px||100px|&#8221; custom_padding_phone=&#8221;60px||60px|&#8221; animation_style=&#8221;fade&#8221; z_index_tablet=&#8221;500&#8243; global_colors_info=&#8221;{}&#8221;][et_pb_column type=&#8221;4_4&#8243; _builder_version=&#8221;4.16&#8243; custom_padding=&#8221;|||&#8221; global_colors_info=&#8221;{}&#8221; custom_padding__hover=&#8221;|||&#8221;][et_pb_text _builder_version=&#8221;4.19.3&#8243; text_font=&#8221;Georgia||||||||&#8221; text_text_color=&#8221;#ffffff&#8221; text_font_size=&#8221;46px&#8221; text_line_height=&#8221;1.4em&#8221; header_font=&#8221;Georgia||||||||&#8221; header_text_color=&#8221;#ffffff&#8221; header_font_size=&#8221;46px&#8221; header_line_height=&#8221;1.4em&#8221; header_2_font=&#8221;Georgia||||||||&#8221; header_2_text_color=&#8221;#FFFFFF&#8221; header_2_font_size=&#8221;46px&#8221; text_orientation=&#8221;center&#8221; text_font_size_tablet=&#8221;26px&#8221; text_font_size_phone=&#8221;22px&#8221; text_font_size_last_edited=&#8221;on|phone&#8221; header_font_size_tablet=&#8221;26px&#8221; header_font_size_phone=&#8221;22px&#8221; header_font_size_last_edited=&#8221;on|desktop&#8221; header_2_font_size_tablet=&#8221;26px&#8221; header_2_font_size_phone=&#8221;22px&#8221; header_2_font_size_last_edited=&#8221;on|desktop&#8221; z_index_tablet=&#8221;500&#8243; global_colors_info=&#8221;{}&#8221;]<\/p>\n<h2>Fine dining restaurant Budapest<\/h2>\n<p>[\/et_pb_text][et_pb_divider color=&#8221;#ffffff&#8221; _builder_version=&#8221;4.16&#8243; width=&#8221;80px&#8221; width_tablet=&#8221;60px&#8221; width_phone=&#8221;50px&#8221; width_last_edited=&#8221;on|phone&#8221; module_alignment=&#8221;center&#8221; animation_style=&#8221;zoom&#8221; z_index_tablet=&#8221;500&#8243; global_colors_info=&#8221;{}&#8221;][\/et_pb_divider][\/et_pb_column][\/et_pb_row][\/et_pb_section][et_pb_section fb_built=&#8221;1&#8243; disabled_on=&#8221;off|off|off&#8221; _builder_version=&#8221;4.19.3&#8243; _module_preset=&#8221;default&#8221; background_color=&#8221;#FFFFFF&#8221; background_enable_color=&#8221;off&#8221; custom_margin=&#8221;0px||0px||false|false&#8221; custom_padding=&#8221;||||false|false&#8221; global_colors_info=&#8221;{}&#8221; da_is_popup=&#8221;off&#8221; da_exit_intent=&#8221;off&#8221; da_has_close=&#8221;on&#8221; da_alt_close=&#8221;off&#8221; da_dark_close=&#8221;off&#8221; da_not_modal=&#8221;on&#8221; da_is_singular=&#8221;off&#8221; da_with_loader=&#8221;off&#8221; da_has_shadow=&#8221;on&#8221; da_disable_devices=&#8221;off|off|off&#8221;][et_pb_row column_structure=&#8221;1_2,1_2&#8243; make_equal=&#8221;on&#8221; _builder_version=&#8221;4.18.0&#8243; _module_preset=&#8221;default&#8221; width=&#8221;85%&#8221; max_width=&#8221;2560px&#8221; global_colors_info=&#8221;{}&#8221;][et_pb_column type=&#8221;1_2&#8243; _builder_version=&#8221;4.18.0&#8243; _module_preset=&#8221;default&#8221; global_colors_info=&#8221;{}&#8221;][et_pb_image src=&#8221;https:\/\/laurelbudapest.hu\/wp-content\/uploads\/2024\/04\/Laurel-Budapest-fine-dining-menu-5.jpg&#8221; alt=&#8221;Laurel Budapest, fine dining \u00e9tterem&#8221; title_text=&#8221;Laurel Budapest, fine dining \u00e9tterem&#8221; _builder_version=&#8221;4.24.2&#8243; _module_preset=&#8221;default&#8221; width=&#8221;80%&#8221; module_alignment=&#8221;left&#8221; custom_margin=&#8221;||||false|false&#8221; custom_padding=&#8221;||||false|false&#8221; animation_style=&#8221;slide&#8221; animation_direction=&#8221;left&#8221; hover_enabled=&#8221;0&#8243; box_shadow_style=&#8221;preset2&#8243; global_colors_info=&#8221;{}&#8221; sticky_enabled=&#8221;0&#8243;][\/et_pb_image][et_pb_image src=&#8221;https:\/\/laurelbudapest.hu\/wp-content\/uploads\/2024\/04\/Laurel-Budapest-fine-dining-menu-4.jpg&#8221; alt=&#8221;Laurel Budapest, fine dining \u00e9tterem&#8221; title_text=&#8221;Laurel Budapest, fine dining \u00e9tterem&#8221; align=&#8221;right&#8221; _builder_version=&#8221;4.24.2&#8243; _module_preset=&#8221;default&#8221; width=&#8221;50%&#8221; custom_margin=&#8221;-10%||||false|false&#8221; animation_style=&#8221;slide&#8221; animation_direction=&#8221;left&#8221; hover_enabled=&#8221;0&#8243; box_shadow_style=&#8221;preset2&#8243; global_colors_info=&#8221;{}&#8221; sticky_enabled=&#8221;0&#8243;][\/et_pb_image][\/et_pb_column][et_pb_column type=&#8221;1_2&#8243; _builder_version=&#8221;4.18.0&#8243; _module_preset=&#8221;default&#8221; background_color=&#8221;#FFFFFF&#8221; custom_padding=&#8221;2%|2%|2%|2%|false|false&#8221; custom_css_main_element=&#8221;margin: auto;&#8221; border_width_bottom=&#8221;4px&#8221; border_color_bottom=&#8221;#a48242&#8243; box_shadow_style=&#8221;preset2&#8243; global_colors_info=&#8221;{}&#8221;][et_pb_text _builder_version=&#8221;4.19.3&#8243; text_font=&#8221;Georgia||||||||&#8221; text_text_color=&#8221;#000000&#8243; text_font_size=&#8221;30px&#8221; text_line_height=&#8221;1.4em&#8221; custom_margin=&#8221;||||false|false&#8221; text_font_size_tablet=&#8221;26px&#8221; text_font_size_phone=&#8221;22px&#8221; text_font_size_last_edited=&#8221;on|tablet&#8221; z_index_tablet=&#8221;500&#8243; border_color_bottom=&#8221;#a48242&#8243; global_colors_info=&#8221;{}&#8221;]<\/p>\n<p>Lunch menu<\/p>\n<p>[\/et_pb_text][et_pb_divider color=&#8221;#a48242&#8243; divider_weight=&#8221;2&#8243; _builder_version=&#8221;4.18.0&#8243; width=&#8221;60px&#8221; width_tablet=&#8221;&#8221; width_phone=&#8221;50px&#8221; width_last_edited=&#8221;on|desktop&#8221; module_alignment=&#8221;left&#8221; custom_margin=&#8221;0px||0px||false|false&#8221; custom_padding=&#8221;0px||0px||false|false&#8221; animation_style=&#8221;zoom&#8221; z_index_tablet=&#8221;500&#8243; global_colors_info=&#8221;{}&#8221;][\/et_pb_divider][et_pb_text _builder_version=&#8221;4.19.4&#8243; _module_preset=&#8221;default&#8221; global_colors_info=&#8221;{}&#8221;]The shortened version of our current tasting menu, only on Saturdays and Sundays.[\/et_pb_text][et_pb_button button_url=&#8221;https:\/\/laurelbudapest.hu\/en\/lunch-menu\/&#8221; button_text=&#8221;More&#8221; button_alignment=&#8221;left&#8221; _builder_version=&#8221;4.19.3&#8243; custom_button=&#8221;on&#8221; button_text_size=&#8221;16&#8243; button_text_color=&#8221;#ffffff&#8221; button_bg_color=&#8221;#a48242&#8243; button_border_color=&#8221;#a48242&#8243; button_letter_spacing=&#8221;2&#8243; button_font=&#8221;Montserrat|600||on|||||&#8221; button_icon=&#8221;&#x39;||divi||400&#8243; z_index_tablet=&#8221;500&#8243; global_colors_info=&#8221;{}&#8221;][\/et_pb_button][et_pb_text _builder_version=&#8221;4.19.3&#8243; text_font=&#8221;Georgia||||||||&#8221; text_text_color=&#8221;#000000&#8243; text_font_size=&#8221;30px&#8221; text_line_height=&#8221;1.4em&#8221; custom_margin=&#8221;10%||||false|false&#8221; text_font_size_tablet=&#8221;26px&#8221; text_font_size_phone=&#8221;22px&#8221; text_font_size_last_edited=&#8221;on|tablet&#8221; z_index_tablet=&#8221;500&#8243; border_color_bottom=&#8221;#a48242&#8243; global_colors_info=&#8221;{}&#8221;]<\/p>\n<p>Tasting menu<\/p>\n<p>[\/et_pb_text][et_pb_divider color=&#8221;#a48242&#8243; divider_weight=&#8221;2&#8243; _builder_version=&#8221;4.18.0&#8243; width=&#8221;60px&#8221; width_tablet=&#8221;&#8221; width_phone=&#8221;50px&#8221; width_last_edited=&#8221;on|desktop&#8221; module_alignment=&#8221;left&#8221; custom_margin=&#8221;0px||0px||false|false&#8221; custom_padding=&#8221;0px||0px||false|false&#8221; animation_style=&#8221;zoom&#8221; z_index_tablet=&#8221;500&#8243; global_colors_info=&#8221;{}&#8221;][\/et_pb_divider][et_pb_text _builder_version=&#8221;4.23&#8243; _module_preset=&#8221;default&#8221; global_colors_info=&#8221;{}&#8221;]<\/p>\n<p><span>An unlimited, modern Hungarian gastronomic experience led by Zsuzsanna\u00a0<\/span><span>\u00d6tv\u00f6s and D\u00e1vid Szab\u00f3, with\u00a0<\/span><span>P\u00e9ter T\u00fc\u0171\u2019s wine pairings.<\/span><\/p>\n<p>[\/et_pb_text][et_pb_button button_url=&#8221;https:\/\/laurelbudapest.hu\/en\/fine-dining-restaurant\/&#8221; button_text=&#8221;More&#8221; button_alignment=&#8221;left&#8221; _builder_version=&#8221;4.19.3&#8243; custom_button=&#8221;on&#8221; button_text_size=&#8221;16&#8243; button_text_color=&#8221;#ffffff&#8221; button_bg_color=&#8221;#a48242&#8243; button_border_color=&#8221;#a48242&#8243; button_letter_spacing=&#8221;2&#8243; button_font=&#8221;Montserrat|600||on|||||&#8221; button_icon=&#8221;&#x39;||divi||400&#8243; z_index_tablet=&#8221;500&#8243; global_colors_info=&#8221;{}&#8221;][\/et_pb_button][\/et_pb_column][\/et_pb_row][\/et_pb_section][et_pb_section fb_built=&#8221;1&#8243; disabled_on=&#8221;off|off|off&#8221; _builder_version=&#8221;4.19.3&#8243; background_color=&#8221;#f2f2f2&#8243; inner_width_tablet=&#8221;50px&#8221; inner_max_width_tablet=&#8221;50px&#8221; custom_margin=&#8221;||||false|false&#8221; custom_padding=&#8221;||||false|false&#8221; z_index_tablet=&#8221;500&#8243; global_colors_info=&#8221;{}&#8221; da_is_popup=&#8221;off&#8221; da_exit_intent=&#8221;off&#8221; da_has_close=&#8221;on&#8221; da_alt_close=&#8221;off&#8221; da_dark_close=&#8221;off&#8221; da_not_modal=&#8221;on&#8221; da_is_singular=&#8221;off&#8221; da_with_loader=&#8221;off&#8221; da_has_shadow=&#8221;on&#8221; da_disable_devices=&#8221;off|off|off&#8221;][et_pb_row _builder_version=&#8221;4.16&#8243; background_size=&#8221;initial&#8221; background_position=&#8221;top_left&#8221; background_repeat=&#8221;repeat&#8221; global_colors_info=&#8221;{}&#8221;][et_pb_column type=&#8221;4_4&#8243; _builder_version=&#8221;4.16&#8243; custom_padding=&#8221;|||&#8221; global_colors_info=&#8221;{}&#8221; custom_padding__hover=&#8221;|||&#8221;][et_pb_text admin_label=&#8221;h1 c\u00edm&#8221; _builder_version=&#8221;4.18.0&#8243; text_font=&#8221;Georgia||||||||&#8221; text_text_color=&#8221;#000000&#8243; text_font_size=&#8221;46px&#8221; text_line_height=&#8221;1.4em&#8221; header_font=&#8221;Georgia||||||||&#8221; header_text_color=&#8221;#000000&#8243; header_font_size=&#8221;46px&#8221; header_line_height=&#8221;1.4em&#8221; text_orientation=&#8221;center&#8221; text_font_size_tablet=&#8221;26px&#8221; text_font_size_phone=&#8221;22px&#8221; text_font_size_last_edited=&#8221;on|phone&#8221; header_font_size_tablet=&#8221;26px&#8221; header_font_size_phone=&#8221;22px&#8221; header_font_size_last_edited=&#8221;on|phone&#8221; z_index_tablet=&#8221;500&#8243; global_colors_info=&#8221;{}&#8221;]<\/p>\n<p>Important information before arriving at Laurel<\/p>\n<p>[\/et_pb_text][et_pb_divider color=&#8221;#a48242&#8243; divider_weight=&#8221;2&#8243; _builder_version=&#8221;4.16&#8243; width=&#8221;80px&#8221; width_tablet=&#8221;60px&#8221; width_phone=&#8221;50px&#8221; width_last_edited=&#8221;on|phone&#8221; module_alignment=&#8221;center&#8221; animation_style=&#8221;zoom&#8221; z_index_tablet=&#8221;500&#8243; global_colors_info=&#8221;{}&#8221;][\/et_pb_divider][\/et_pb_column][\/et_pb_row][et_pb_row _builder_version=&#8221;4.18.0&#8243; _module_preset=&#8221;default&#8221; global_colors_info=&#8221;{}&#8221;][et_pb_column type=&#8221;4_4&#8243; _builder_version=&#8221;4.18.0&#8243; _module_preset=&#8221;default&#8221; global_colors_info=&#8221;{}&#8221;][et_pb_toggle title=&#8221;How we handle food intolerance in Laurel fine dining restaurant?&#8221; open_toggle_text_color=&#8221;#a48242&#8243; open_toggle_background_color=&#8221;#FFFFFF&#8221; closed_toggle_text_color=&#8221;#000000&#8243; closed_toggle_background_color=&#8221;#FFFFFF&#8221; icon_color=&#8221;#000000&#8243; toggle_icon=&#8221;&#x37;||divi||400&#8243; _builder_version=&#8221;4.18.0&#8243; _module_preset=&#8221;default&#8221; title_text_color=&#8221;#a48242&#8243; title_font=&#8221;Georgia|700|||||||&#8221; title_font_size=&#8221;20px&#8221; border_width_all=&#8221;0px&#8221; border_color_all=&#8221;#a48242&#8243; border_width_bottom=&#8221;4px&#8221; box_shadow_style=&#8221;preset2&#8243; global_colors_info=&#8221;{}&#8221;]<\/p>\n<p>In case of milk protein allergy or lactose intolerance our kitchen only offers the vegan menu, whereas if you\u2019re looking for a gluten free option, we can serve you a slightly shortened and modified choices of dishes. Please be noted that our dishes are prepared in the same kitchen area, that\u2019s why accidentally they might, even under the greatest care, contain some allergen particles.<\/p>\n<p>[\/et_pb_toggle][et_pb_toggle title=&#8221;How to prepare to visit our restaurant?&#8221; open_toggle_text_color=&#8221;#a48242&#8243; open_toggle_background_color=&#8221;#FFFFFF&#8221; closed_toggle_text_color=&#8221;#000000&#8243; closed_toggle_background_color=&#8221;#FFFFFF&#8221; icon_color=&#8221;#000000&#8243; toggle_icon=&#8221;&#x37;||divi||400&#8243; _builder_version=&#8221;4.18.0&#8243; _module_preset=&#8221;default&#8221; title_text_color=&#8221;#a48242&#8243; title_font=&#8221;Georgia|700|||||||&#8221; title_font_size=&#8221;20px&#8221; border_width_all=&#8221;0px&#8221; border_color_all=&#8221;#a48242&#8243; border_width_bottom=&#8221;4px&#8221; box_shadow_style=&#8221;preset2&#8243; global_colors_info=&#8221;{}&#8221;]<\/p>\n<p>Please make sure you arrive on time to help us to provide the best of the services.<\/p>\n<p>[\/et_pb_toggle][et_pb_toggle title=&#8221;Is there a dresscode?&#8221; open_toggle_text_color=&#8221;#a48242&#8243; open_toggle_background_color=&#8221;#FFFFFF&#8221; closed_toggle_text_color=&#8221;#000000&#8243; closed_toggle_background_color=&#8221;#FFFFFF&#8221; icon_color=&#8221;#000000&#8243; toggle_icon=&#8221;&#x37;||divi||400&#8243; _builder_version=&#8221;4.18.0&#8243; _module_preset=&#8221;default&#8221; title_text_color=&#8221;#a48242&#8243; title_font=&#8221;Georgia|700|||||||&#8221; title_font_size=&#8221;20px&#8221; border_width_all=&#8221;0px&#8221; border_color_all=&#8221;rgba(0,0,0,0.75)&#8221; border_width_bottom=&#8221;4px&#8221; border_color_bottom=&#8221;#a48242&#8243; box_shadow_style=&#8221;preset2&#8243; global_colors_info=&#8221;{}&#8221;]<\/p>\n<p>Athough we are a <strong>fine dining restaurant<\/strong>, there is no dress code in our restaurant; comfort and customer satisfaction are our primary concerns.<\/p>\n<p>[\/et_pb_toggle][et_pb_toggle title=&#8221;Would you like to surprise someone with a fine dining experience in Laurel restaurant?&#8221; open_toggle_text_color=&#8221;#a48242&#8243; open_toggle_background_color=&#8221;#FFFFFF&#8221; closed_toggle_text_color=&#8221;#000000&#8243; closed_toggle_background_color=&#8221;#FFFFFF&#8221; icon_color=&#8221;#000000&#8243; toggle_icon=&#8221;&#x37;||divi||400&#8243; _builder_version=&#8221;4.18.0&#8243; _module_preset=&#8221;default&#8221; title_text_color=&#8221;#a48242&#8243; title_font=&#8221;Georgia|700|||||||&#8221; title_font_size=&#8221;20px&#8221; border_width_all=&#8221;0px&#8221; border_color_all=&#8221;rgba(0,0,0,0.75)&#8221; border_width_bottom=&#8221;4px&#8221; border_color_bottom=&#8221;#a48242&#8243; box_shadow_style=&#8221;preset2&#8243; global_colors_info=&#8221;{}&#8221;]<\/p>\n<p>If you decide to buy a voucher of Laurel, please contact us at <a href=\"mailto:info@laurelbudapest.hu\">info@laurelbudapest.hu<\/a> .<\/p>\n<p>[\/et_pb_toggle][\/et_pb_column][\/et_pb_row][\/et_pb_section]<\/p>\n","protected":false},"excerpt":{"rendered":"<p>Fine dining restaurant BudapestLunch menuThe shortened version of our current tasting menu, only on Saturdays and Sundays.Tasting menuAn unlimited, modern Hungarian gastronomic experience led by Zsuzsanna\u00a0\u00d6tv\u00f6s and D\u00e1vid Szab\u00f3, with\u00a0P\u00e9ter T\u00fc\u0171\u2019s wine pairings.Important information before arriving at LaurelIn case of milk protein allergy or lactose intolerance our kitchen only offers the vegan menu, whereas if [&hellip;]<\/p>\n","protected":false},"author":1,"featured_media":0,"parent":0,"menu_order":0,"comment_status":"closed","ping_status":"closed","template":"","meta":{"_et_pb_use_builder":"on","_et_pb_old_content":"","_et_gb_content_width":"","footnotes":""},"class_list":["post-3852","page","type-page","status-publish","hentry"],"yoast_head":"<!-- This site is optimized with the Yoast SEO Premium plugin v27.2 (Yoast SEO v27.2) - https:\/\/yoast.com\/product\/yoast-seo-premium-wordpress\/ -->\n<title>Menu - Laurel Budapest<\/title>\n<meta name=\"robots\" content=\"index, follow, max-snippet:-1, max-image-preview:large, max-video-preview:-1\" \/>\n<link rel=\"canonical\" href=\"https:\/\/laurelbudapest.hu\/en\/menu\/\" \/>\n<meta property=\"og:locale\" content=\"en_US\" \/>\n<meta property=\"og:type\" content=\"article\" \/>\n<meta property=\"og:title\" content=\"Menu\" \/>\n<meta property=\"og:description\" content=\"Fine dining restaurant BudapestLunch menuThe shortened version of our current tasting menu, only on Saturdays and Sundays.Tasting menuAn unlimited, modern Hungarian gastronomic experience led by Zsuzsanna\u00a0\u00d6tv\u00f6s and D\u00e1vid Szab\u00f3, with\u00a0P\u00e9ter T\u00fc\u0171\u2019s wine pairings.Important information before arriving at LaurelIn case of milk protein allergy or lactose intolerance our kitchen only offers the vegan menu, whereas if [&hellip;]\" \/>\n<meta property=\"og:url\" content=\"https:\/\/laurelbudapest.hu\/en\/menu\/\" \/>\n<meta property=\"og:site_name\" content=\"Laurel Budapest\" \/>\n<meta property=\"article:publisher\" content=\"https:\/\/www.facebook.com\/laurelbudapest\" \/>\n<meta property=\"article:modified_time\" content=\"2024-04-23T08:42:59+00:00\" \/>\n<meta property=\"og:image\" content=\"https:\/\/laurelbudapest.hu\/wp-content\/uploads\/2019\/06\/Laurel-Budapest-og.jpg\" \/>\n\t<meta property=\"og:image:width\" content=\"1125\" \/>\n\t<meta property=\"og:image:height\" content=\"633\" \/>\n\t<meta property=\"og:image:type\" content=\"image\/jpeg\" \/>\n<meta name=\"twitter:card\" content=\"summary_large_image\" \/>\n<meta name=\"twitter:label1\" content=\"Est. reading time\" \/>\n\t<meta name=\"twitter:data1\" content=\"4 minutes\" \/>\n<script type=\"application\/ld+json\" class=\"yoast-schema-graph\">{\"@context\":\"https:\/\/schema.org\",\"@graph\":[{\"@type\":\"WebPage\",\"@id\":\"https:\/\/laurelbudapest.hu\/en\/menu\/\",\"url\":\"https:\/\/laurelbudapest.hu\/en\/menu\/\",\"name\":\"Menu - Laurel Budapest\",\"isPartOf\":{\"@id\":\"https:\/\/laurelbudapest.hu\/#website\"},\"datePublished\":\"2023-01-05T10:47:08+00:00\",\"dateModified\":\"2024-04-23T08:42:59+00:00\",\"breadcrumb\":{\"@id\":\"https:\/\/laurelbudapest.hu\/en\/menu\/#breadcrumb\"},\"inLanguage\":\"en-US\",\"potentialAction\":[{\"@type\":\"ReadAction\",\"target\":[\"https:\/\/laurelbudapest.hu\/en\/menu\/\"]}]},{\"@type\":\"BreadcrumbList\",\"@id\":\"https:\/\/laurelbudapest.hu\/en\/menu\/#breadcrumb\",\"itemListElement\":[{\"@type\":\"ListItem\",\"position\":1,\"name\":\"Home\",\"item\":\"https:\/\/laurelbudapest.hu\/en\/\"},{\"@type\":\"ListItem\",\"position\":2,\"name\":\"Menu\"}]},{\"@type\":\"WebSite\",\"@id\":\"https:\/\/laurelbudapest.hu\/#website\",\"url\":\"https:\/\/laurelbudapest.hu\/\",\"name\":\"Laurel Budapest\",\"description\":\"\",\"publisher\":{\"@id\":\"https:\/\/laurelbudapest.hu\/#organization\"},\"potentialAction\":[{\"@type\":\"SearchAction\",\"target\":{\"@type\":\"EntryPoint\",\"urlTemplate\":\"https:\/\/laurelbudapest.hu\/?s={search_term_string}\"},\"query-input\":{\"@type\":\"PropertyValueSpecification\",\"valueRequired\":true,\"valueName\":\"search_term_string\"}}],\"inLanguage\":\"en-US\"},{\"@type\":\"Organization\",\"@id\":\"https:\/\/laurelbudapest.hu\/#organization\",\"name\":\"Laurel Budapest\",\"url\":\"https:\/\/laurelbudapest.hu\/\",\"logo\":{\"@type\":\"ImageObject\",\"inLanguage\":\"en-US\",\"@id\":\"https:\/\/laurelbudapest.hu\/#\/schema\/logo\/image\/\",\"url\":\"https:\/\/laurelbudapest.hu\/wp-content\/uploads\/2019\/05\/Laurel-logo-1.png\",\"contentUrl\":\"https:\/\/laurelbudapest.hu\/wp-content\/uploads\/2019\/05\/Laurel-logo-1.png\",\"width\":300,\"height\":432,\"caption\":\"Laurel Budapest\"},\"image\":{\"@id\":\"https:\/\/laurelbudapest.hu\/#\/schema\/logo\/image\/\"},\"sameAs\":[\"https:\/\/www.facebook.com\/laurelbudapest\"]}]}<\/script>\n<!-- \/ Yoast SEO Premium plugin. -->","yoast_head_json":{"title":"Menu - Laurel Budapest","robots":{"index":"index","follow":"follow","max-snippet":"max-snippet:-1","max-image-preview":"max-image-preview:large","max-video-preview":"max-video-preview:-1"},"canonical":"https:\/\/laurelbudapest.hu\/en\/menu\/","og_locale":"en_US","og_type":"article","og_title":"Menu","og_description":"Fine dining restaurant BudapestLunch menuThe shortened version of our current tasting menu, only on Saturdays and Sundays.Tasting menuAn unlimited, modern Hungarian gastronomic experience led by Zsuzsanna\u00a0\u00d6tv\u00f6s and D\u00e1vid Szab\u00f3, with\u00a0P\u00e9ter T\u00fc\u0171\u2019s wine pairings.Important information before arriving at LaurelIn case of milk protein allergy or lactose intolerance our kitchen only offers the vegan menu, whereas if [&hellip;]","og_url":"https:\/\/laurelbudapest.hu\/en\/menu\/","og_site_name":"Laurel Budapest","article_publisher":"https:\/\/www.facebook.com\/laurelbudapest","article_modified_time":"2024-04-23T08:42:59+00:00","og_image":[{"width":1125,"height":633,"url":"https:\/\/laurelbudapest.hu\/wp-content\/uploads\/2019\/06\/Laurel-Budapest-og.jpg","type":"image\/jpeg"}],"twitter_card":"summary_large_image","twitter_misc":{"Est. reading time":"4 minutes"},"schema":{"@context":"https:\/\/schema.org","@graph":[{"@type":"WebPage","@id":"https:\/\/laurelbudapest.hu\/en\/menu\/","url":"https:\/\/laurelbudapest.hu\/en\/menu\/","name":"Menu - Laurel Budapest","isPartOf":{"@id":"https:\/\/laurelbudapest.hu\/#website"},"datePublished":"2023-01-05T10:47:08+00:00","dateModified":"2024-04-23T08:42:59+00:00","breadcrumb":{"@id":"https:\/\/laurelbudapest.hu\/en\/menu\/#breadcrumb"},"inLanguage":"en-US","potentialAction":[{"@type":"ReadAction","target":["https:\/\/laurelbudapest.hu\/en\/menu\/"]}]},{"@type":"BreadcrumbList","@id":"https:\/\/laurelbudapest.hu\/en\/menu\/#breadcrumb","itemListElement":[{"@type":"ListItem","position":1,"name":"Home","item":"https:\/\/laurelbudapest.hu\/en\/"},{"@type":"ListItem","position":2,"name":"Menu"}]},{"@type":"WebSite","@id":"https:\/\/laurelbudapest.hu\/#website","url":"https:\/\/laurelbudapest.hu\/","name":"Laurel Budapest","description":"","publisher":{"@id":"https:\/\/laurelbudapest.hu\/#organization"},"potentialAction":[{"@type":"SearchAction","target":{"@type":"EntryPoint","urlTemplate":"https:\/\/laurelbudapest.hu\/?s={search_term_string}"},"query-input":{"@type":"PropertyValueSpecification","valueRequired":true,"valueName":"search_term_string"}}],"inLanguage":"en-US"},{"@type":"Organization","@id":"https:\/\/laurelbudapest.hu\/#organization","name":"Laurel Budapest","url":"https:\/\/laurelbudapest.hu\/","logo":{"@type":"ImageObject","inLanguage":"en-US","@id":"https:\/\/laurelbudapest.hu\/#\/schema\/logo\/image\/","url":"https:\/\/laurelbudapest.hu\/wp-content\/uploads\/2019\/05\/Laurel-logo-1.png","contentUrl":"https:\/\/laurelbudapest.hu\/wp-content\/uploads\/2019\/05\/Laurel-logo-1.png","width":300,"height":432,"caption":"Laurel Budapest"},"image":{"@id":"https:\/\/laurelbudapest.hu\/#\/schema\/logo\/image\/"},"sameAs":["https:\/\/www.facebook.com\/laurelbudapest"]}]}},"_links":{"self":[{"href":"https:\/\/laurelbudapest.hu\/en\/wp-json\/wp\/v2\/pages\/3852","targetHints":{"allow":["GET"]}}],"collection":[{"href":"https:\/\/laurelbudapest.hu\/en\/wp-json\/wp\/v2\/pages"}],"about":[{"href":"https:\/\/laurelbudapest.hu\/en\/wp-json\/wp\/v2\/types\/page"}],"author":[{"embeddable":true,"href":"https:\/\/laurelbudapest.hu\/en\/wp-json\/wp\/v2\/users\/1"}],"replies":[{"embeddable":true,"href":"https:\/\/laurelbudapest.hu\/en\/wp-json\/wp\/v2\/comments?post=3852"}],"version-history":[{"count":9,"href":"https:\/\/laurelbudapest.hu\/en\/wp-json\/wp\/v2\/pages\/3852\/revisions"}],"predecessor-version":[{"id":4831,"href":"https:\/\/laurelbudapest.hu\/en\/wp-json\/wp\/v2\/pages\/3852\/revisions\/4831"}],"wp:attachment":[{"href":"https:\/\/laurelbudapest.hu\/en\/wp-json\/wp\/v2\/media?parent=3852"}],"curies":[{"name":"wp","href":"https:\/\/api.w.org\/{rel}","templated":true}]}}