{"id":626,"date":"2019-05-23T11:02:50","date_gmt":"2019-05-23T11:02:50","guid":{"rendered":"https:\/\/laurelbudapest.hu\/kapcsolat\/"},"modified":"2024-03-11T17:00:39","modified_gmt":"2024-03-11T17:00:39","slug":"contact","status":"publish","type":"page","link":"https:\/\/laurelbudapest.hu\/en\/contact\/","title":{"rendered":"Contact"},"content":{"rendered":"<p>[et_pb_section fb_built=&#8221;1&#8243; _builder_version=&#8221;4.21.0&#8243; background_image=&#8221;https:\/\/laurelbudapest.hu\/wp-content\/uploads\/2023\/07\/Laurel-Budapest-fine-dining-etterem-3.jpg&#8221; custom_margin=&#8221;0px||0px|&#8221; custom_padding=&#8221;0px||0px|&#8221; z_index_tablet=&#8221;500&#8243; da_disable_devices=&#8221;off|off|off&#8221; global_colors_info=&#8221;{}&#8221; da_is_popup=&#8221;off&#8221; da_exit_intent=&#8221;off&#8221; da_has_close=&#8221;on&#8221; da_alt_close=&#8221;off&#8221; da_dark_close=&#8221;off&#8221; da_not_modal=&#8221;on&#8221; da_is_singular=&#8221;off&#8221; da_with_loader=&#8221;off&#8221; da_has_shadow=&#8221;on&#8221;][et_pb_row use_custom_gutter=&#8221;on&#8221; gutter_width=&#8221;1&#8243; custom_padding_last_edited=&#8221;on|phone&#8221; _builder_version=&#8221;4.16&#8243; background_color=&#8221;rgba(0,0,0,0.2)&#8221; width=&#8221;100%&#8221; max_width=&#8221;2560px&#8221; custom_padding=&#8221;180px||180px|&#8221; custom_padding_tablet=&#8221;100px||100px|&#8221; custom_padding_phone=&#8221;60px||60px|&#8221; animation_style=&#8221;fade&#8221; z_index_tablet=&#8221;500&#8243; global_colors_info=&#8221;{}&#8221;][et_pb_column type=&#8221;4_4&#8243; _builder_version=&#8221;4.16&#8243; custom_padding=&#8221;|||&#8221; global_colors_info=&#8221;{}&#8221; custom_padding__hover=&#8221;|||&#8221;][et_pb_text _builder_version=&#8221;4.17.5&#8243; text_font=&#8221;Georgia||||||||&#8221; text_text_color=&#8221;#ffffff&#8221; text_font_size=&#8221;46px&#8221; text_line_height=&#8221;1.4em&#8221; header_font=&#8221;Georgia||||||||&#8221; header_text_color=&#8221;#ffffff&#8221; header_font_size=&#8221;46px&#8221; header_line_height=&#8221;1.4em&#8221; text_orientation=&#8221;center&#8221; text_font_size_tablet=&#8221;26px&#8221; text_font_size_phone=&#8221;22px&#8221; text_font_size_last_edited=&#8221;on|phone&#8221; header_font_size_tablet=&#8221;26px&#8221; header_font_size_phone=&#8221;22px&#8221; header_font_size_last_edited=&#8221;on|phone&#8221; z_index_tablet=&#8221;500&#8243; global_colors_info=&#8221;{}&#8221;]<\/p>\n<p>Contact<\/p>\n<p>[\/et_pb_text][et_pb_divider color=&#8221;#ffffff&#8221; _builder_version=&#8221;4.17.5&#8243; width=&#8221;80px&#8221; width_tablet=&#8221;60px&#8221; width_phone=&#8221;50px&#8221; width_last_edited=&#8221;on|desktop&#8221; module_alignment=&#8221;center&#8221; custom_margin=&#8221;15px|||&#8221; z_index_tablet=&#8221;500&#8243; global_colors_info=&#8221;{}&#8221;][\/et_pb_divider][et_pb_text _builder_version=&#8221;4.18.0&#8243; text_font=&#8221;Montserrat||||||||&#8221; text_text_color=&#8221;#ffffff&#8221; text_font_size=&#8221;24px&#8221; text_line_height=&#8221;1.4em&#8221; header_font=&#8221;Montserrat||||||||&#8221; header_text_color=&#8221;#ffffff&#8221; header_font_size=&#8221;24px&#8221; header_line_height=&#8221;1.4em&#8221; text_orientation=&#8221;center&#8221; text_font_size_tablet=&#8221;22px&#8221; text_font_size_phone=&#8221;18px&#8221; text_font_size_last_edited=&#8221;on|phone&#8221; header_font_size_tablet=&#8221;22px&#8221; header_font_size_phone=&#8221;18px&#8221; header_font_size_last_edited=&#8221;on|phone&#8221; z_index_tablet=&#8221;500&#8243; global_colors_info=&#8221;{}&#8221;]<\/p>\n<h1>Fine dining Budapest<\/h1>\n<p>[\/et_pb_text][\/et_pb_column][\/et_pb_row][\/et_pb_section][et_pb_section fb_built=&#8221;1&#8243; _builder_version=&#8221;4.16&#8243; da_disable_devices=&#8221;off|off|off&#8221; global_colors_info=&#8221;{}&#8221; da_is_popup=&#8221;off&#8221; da_exit_intent=&#8221;off&#8221; da_has_close=&#8221;on&#8221; da_alt_close=&#8221;off&#8221; da_dark_close=&#8221;off&#8221; da_not_modal=&#8221;on&#8221; da_is_singular=&#8221;off&#8221; da_with_loader=&#8221;off&#8221; da_has_shadow=&#8221;on&#8221;][et_pb_row _builder_version=&#8221;4.16&#8243; background_size=&#8221;initial&#8221; background_position=&#8221;top_left&#8221; background_repeat=&#8221;repeat&#8221; global_colors_info=&#8221;{}&#8221;][et_pb_column type=&#8221;4_4&#8243; _builder_version=&#8221;4.16&#8243; custom_padding=&#8221;|||&#8221; global_colors_info=&#8221;{}&#8221; custom_padding__hover=&#8221;|||&#8221;][et_pb_text _builder_version=&#8221;4.16&#8243; text_font=&#8221;Georgia||||||||&#8221; text_text_color=&#8221;#000000&#8243; text_font_size=&#8221;30px&#8221; text_line_height=&#8221;1.4em&#8221; text_orientation=&#8221;center&#8221; text_font_size_tablet=&#8221;26px&#8221; text_font_size_phone=&#8221;22px&#8221; text_font_size_last_edited=&#8221;on|tablet&#8221; z_index_tablet=&#8221;500&#8243; global_colors_info=&#8221;{}&#8221;]<\/p>\n<p>Opening hours<\/p>\n<p>[\/et_pb_text][et_pb_divider color=&#8221;#a48242&#8243; divider_weight=&#8221;2&#8243; _builder_version=&#8221;4.17.5&#8243; width=&#8221;60px&#8221; width_tablet=&#8221;&#8221; width_phone=&#8221;50px&#8221; width_last_edited=&#8221;on|desktop&#8221; module_alignment=&#8221;center&#8221; z_index_tablet=&#8221;500&#8243; global_colors_info=&#8221;{}&#8221;][\/et_pb_divider][\/et_pb_column][\/et_pb_row][et_pb_row _builder_version=&#8221;4.16&#8243; custom_margin=&#8221;0px|||&#8221; custom_padding=&#8221;0px|||&#8221; z_index_tablet=&#8221;500&#8243; global_colors_info=&#8221;{}&#8221;][et_pb_column type=&#8221;4_4&#8243; _builder_version=&#8221;4.16&#8243; custom_padding=&#8221;|||&#8221; global_colors_info=&#8221;{}&#8221; custom_padding__hover=&#8221;|||&#8221;][et_pb_text disabled_on=&#8221;off|off|off&#8221; _builder_version=&#8221;4.24.1&#8243; text_orientation=&#8221;center&#8221; hover_enabled=&#8221;0&#8243; z_index_tablet=&#8221;500&#8243; global_colors_info=&#8221;{}&#8221; sticky_enabled=&#8221;0&#8243;]<\/p>\n<p><strong>Dinner:<\/strong> Wednesday \u2013 Sunday: 18:30 \u2013 24:00<br \/><strong>Lunch:<\/strong> Saturday \u2013 Sunday: 12:30 \u2013 15:00<\/p>\n<p>[\/et_pb_text][\/et_pb_column][\/et_pb_row][et_pb_row _builder_version=&#8221;4.16&#8243; background_size=&#8221;initial&#8221; background_position=&#8221;top_left&#8221; background_repeat=&#8221;repeat&#8221; global_colors_info=&#8221;{}&#8221;][et_pb_column type=&#8221;4_4&#8243; _builder_version=&#8221;4.16&#8243; custom_padding=&#8221;|||&#8221; global_colors_info=&#8221;{}&#8221; custom_padding__hover=&#8221;|||&#8221;][et_pb_button button_url=&#8221;https:\/\/book.dinnerbooking.com\/hu\/en-US\/book\/index\/2252\/2?_ga=2.67802833.1155052887.1641496888-1724635420.1641496888&#8243; url_new_window=&#8221;on&#8221; button_text=&#8221;RESERVATION&#8221; button_alignment=&#8221;center&#8221; _builder_version=&#8221;4.16&#8243; custom_button=&#8221;on&#8221; button_text_size=&#8221;16&#8243; button_text_color=&#8221;#ffffff&#8221; button_bg_color=&#8221;#a48242&#8243; button_border_color=&#8221;#a48242&#8243; button_letter_spacing=&#8221;2&#8243; button_font=&#8221;Montserrat|600||on|||||&#8221; button_icon=&#8221;&#x39;||divi||400&#8243; animation_style=&#8221;zoom&#8221; z_index_tablet=&#8221;500&#8243; global_colors_info=&#8221;{}&#8221;][\/et_pb_button][\/et_pb_column][\/et_pb_row][et_pb_row _builder_version=&#8221;4.16&#8243; background_size=&#8221;initial&#8221; background_position=&#8221;top_left&#8221; background_repeat=&#8221;repeat&#8221; global_colors_info=&#8221;{}&#8221;][et_pb_column type=&#8221;4_4&#8243; _builder_version=&#8221;4.16&#8243; custom_padding=&#8221;|||&#8221; global_colors_info=&#8221;{}&#8221; custom_padding__hover=&#8221;|||&#8221;][et_pb_text _builder_version=&#8221;4.16&#8243; text_text_color=&#8221;#a48242&#8243; text_font_size=&#8221;18px&#8221; text_orientation=&#8221;center&#8221; z_index_tablet=&#8221;500&#8243; global_colors_info=&#8221;{}&#8221;]<\/p>\n<p>\nShould you have any questions, do not hesitate to contact us by email or phone!<\/p>\n<p>[\/et_pb_text][\/et_pb_column][\/et_pb_row][et_pb_row _builder_version=&#8221;4.16&#8243; background_size=&#8221;initial&#8221; background_position=&#8221;top_left&#8221; background_repeat=&#8221;repeat&#8221; global_colors_info=&#8221;{}&#8221;][et_pb_column type=&#8221;4_4&#8243; _builder_version=&#8221;4.16&#8243; custom_padding=&#8221;|||&#8221; global_colors_info=&#8221;{}&#8221; custom_padding__hover=&#8221;|||&#8221;][et_pb_text _builder_version=&#8221;4.16&#8243; text_font=&#8221;Georgia||||||||&#8221; text_text_color=&#8221;#000000&#8243; text_font_size=&#8221;30px&#8221; text_line_height=&#8221;1.4em&#8221; text_orientation=&#8221;center&#8221; text_font_size_tablet=&#8221;26px&#8221; text_font_size_phone=&#8221;22px&#8221; text_font_size_last_edited=&#8221;on|tablet&#8221; z_index_tablet=&#8221;500&#8243; global_colors_info=&#8221;{}&#8221;]<\/p>\n<p>\nContact<\/p>\n<p>[\/et_pb_text][et_pb_divider color=&#8221;#a48242&#8243; divider_weight=&#8221;2&#8243; _builder_version=&#8221;4.17.5&#8243; width=&#8221;60px&#8221; width_tablet=&#8221;&#8221; width_phone=&#8221;50px&#8221; width_last_edited=&#8221;on|desktop&#8221; module_alignment=&#8221;center&#8221; z_index_tablet=&#8221;500&#8243; global_colors_info=&#8221;{}&#8221;][\/et_pb_divider][et_pb_text _builder_version=&#8221;4.16&#8243; text_orientation=&#8221;center&#8221; z_index_tablet=&#8221;500&#8243; global_colors_info=&#8221;{}&#8221;]<\/p>\n<p>H-1073 Budapest, Kert\u00e9sz utca 29.<br \/><a href=\"tel:+36203695922\">+36 20 369 5922<\/a><br \/><a href=\"mailto:info@laurelbudapest.hu\">info@laurelbudapest.hu<\/a><\/p>\n<p>[\/et_pb_text][\/et_pb_column][\/et_pb_row][\/et_pb_section][et_pb_section fb_built=&#8221;1&#8243; fullwidth=&#8221;on&#8221; _builder_version=&#8221;4.16&#8243; da_disable_devices=&#8221;off|off|off&#8221; global_colors_info=&#8221;{}&#8221; da_is_popup=&#8221;off&#8221; da_exit_intent=&#8221;off&#8221; da_has_close=&#8221;on&#8221; da_alt_close=&#8221;off&#8221; da_dark_close=&#8221;off&#8221; da_not_modal=&#8221;on&#8221; da_is_singular=&#8221;off&#8221; da_with_loader=&#8221;off&#8221; da_has_shadow=&#8221;on&#8221;][et_pb_fullwidth_map address=&#8221;Budapest, Kert\u00e9sz u. 29, 1073 Magyarorsz\u00e1g&#8221; zoom_level=&#8221;16&#8243; address_lat=&#8221;47.50092730000001&#8243; address_lng=&#8221;19.066678000000024&#8243; mouse_wheel=&#8221;off&#8221; _builder_version=&#8221;4.16&#8243; child_filter_saturate=&#8221;0%&#8221; z_index_tablet=&#8221;500&#8243; global_colors_info=&#8221;{}&#8221;][et_pb_map_pin title=&#8221; 1073 Budapest, Kert\u00e9sz utca 29. &#8221; pin_address=&#8221;Budapest, Kert\u00e9sz u. 29, 1073 Magyarorsz\u00e1g&#8221; pin_address_lat=&#8221;47.50092730000001&#8243; pin_address_lng=&#8221;19.066678000000024&#8243; _builder_version=&#8221;3.22.7&#8243; global_colors_info=&#8221;{}&#8221;][\/et_pb_map_pin][\/et_pb_fullwidth_map][\/et_pb_section]<\/p>\n","protected":false},"excerpt":{"rendered":"<p>ContactFine dining BudapestOpening hours Dinner: Wednesday \u2013 Sunday: 18:30 \u2013 24:00Lunch: Saturday \u2013 Sunday: 12:30 \u2013 15:00 Should you have any questions, do not hesitate to contact us by email or phone! Contact H-1073 Budapest, Kert\u00e9sz utca 29.+36 20 369 5922info@laurelbudapest.hu<\/p>\n","protected":false},"author":1,"featured_media":0,"parent":0,"menu_order":0,"comment_status":"closed","ping_status":"closed","template":"","meta":{"_et_pb_use_builder":"on","_et_pb_old_content":"","_et_gb_content_width":"","footnotes":""},"class_list":["post-626","page","type-page","status-publish","hentry"],"yoast_head":"<!-- This site is optimized with the Yoast SEO Premium plugin v27.2 (Yoast SEO v27.2) - https:\/\/yoast.com\/product\/yoast-seo-premium-wordpress\/ -->\n<title>Contact - Laurel - Fine dining restaurant, top restaurant Budapest<\/title>\n<meta name=\"description\" content=\"The Laurel Budapest is a modern and creative fine dining restaurant. Budapest fine dining restaurant, top restaurant Budapest\" \/>\n<meta name=\"robots\" content=\"index, follow, max-snippet:-1, max-image-preview:large, max-video-preview:-1\" \/>\n<link rel=\"canonical\" href=\"https:\/\/laurelbudapest.hu\/en\/contact\/\" \/>\n<meta property=\"og:locale\" content=\"en_US\" \/>\n<meta property=\"og:type\" content=\"article\" \/>\n<meta property=\"og:title\" content=\"Contact\" \/>\n<meta property=\"og:description\" content=\"The Laurel Budapest is a modern and creative fine dining restaurant. Budapest fine dining restaurant, top restaurant Budapest\" \/>\n<meta property=\"og:url\" content=\"https:\/\/laurelbudapest.hu\/en\/contact\/\" \/>\n<meta property=\"og:site_name\" content=\"Laurel Budapest\" \/>\n<meta property=\"article:publisher\" content=\"https:\/\/www.facebook.com\/laurelbudapest\" \/>\n<meta property=\"article:modified_time\" content=\"2024-03-11T17:00:39+00:00\" \/>\n<meta property=\"og:image\" content=\"https:\/\/laurelbudapest.hu\/wp-content\/uploads\/2019\/06\/Laurel-Budapest-og.jpg\" \/>\n\t<meta property=\"og:image:width\" content=\"1125\" \/>\n\t<meta property=\"og:image:height\" content=\"633\" \/>\n\t<meta property=\"og:image:type\" content=\"image\/jpeg\" \/>\n<meta name=\"twitter:card\" content=\"summary_large_image\" \/>\n<meta name=\"twitter:label1\" content=\"Est. reading time\" \/>\n\t<meta name=\"twitter:data1\" content=\"2 minutes\" \/>\n<script type=\"application\/ld+json\" class=\"yoast-schema-graph\">{\"@context\":\"https:\/\/schema.org\",\"@graph\":[{\"@type\":\"WebPage\",\"@id\":\"https:\/\/laurelbudapest.hu\/en\/contact\/\",\"url\":\"https:\/\/laurelbudapest.hu\/en\/contact\/\",\"name\":\"Contact - Laurel - Fine dining restaurant, top restaurant Budapest\",\"isPartOf\":{\"@id\":\"https:\/\/laurelbudapest.hu\/#website\"},\"datePublished\":\"2019-05-23T11:02:50+00:00\",\"dateModified\":\"2024-03-11T17:00:39+00:00\",\"description\":\"The Laurel Budapest is a modern and creative fine dining restaurant. Budapest fine dining restaurant, top restaurant Budapest\",\"breadcrumb\":{\"@id\":\"https:\/\/laurelbudapest.hu\/en\/contact\/#breadcrumb\"},\"inLanguage\":\"en-US\",\"potentialAction\":[{\"@type\":\"ReadAction\",\"target\":[\"https:\/\/laurelbudapest.hu\/en\/contact\/\"]}]},{\"@type\":\"BreadcrumbList\",\"@id\":\"https:\/\/laurelbudapest.hu\/en\/contact\/#breadcrumb\",\"itemListElement\":[{\"@type\":\"ListItem\",\"position\":1,\"name\":\"Home\",\"item\":\"https:\/\/laurelbudapest.hu\/en\/\"},{\"@type\":\"ListItem\",\"position\":2,\"name\":\"Contact\"}]},{\"@type\":\"WebSite\",\"@id\":\"https:\/\/laurelbudapest.hu\/#website\",\"url\":\"https:\/\/laurelbudapest.hu\/\",\"name\":\"Laurel Budapest\",\"description\":\"\",\"publisher\":{\"@id\":\"https:\/\/laurelbudapest.hu\/#organization\"},\"potentialAction\":[{\"@type\":\"SearchAction\",\"target\":{\"@type\":\"EntryPoint\",\"urlTemplate\":\"https:\/\/laurelbudapest.hu\/?s={search_term_string}\"},\"query-input\":{\"@type\":\"PropertyValueSpecification\",\"valueRequired\":true,\"valueName\":\"search_term_string\"}}],\"inLanguage\":\"en-US\"},{\"@type\":\"Organization\",\"@id\":\"https:\/\/laurelbudapest.hu\/#organization\",\"name\":\"Laurel Budapest\",\"url\":\"https:\/\/laurelbudapest.hu\/\",\"logo\":{\"@type\":\"ImageObject\",\"inLanguage\":\"en-US\",\"@id\":\"https:\/\/laurelbudapest.hu\/#\/schema\/logo\/image\/\",\"url\":\"https:\/\/laurelbudapest.hu\/wp-content\/uploads\/2019\/05\/Laurel-logo-1.png\",\"contentUrl\":\"https:\/\/laurelbudapest.hu\/wp-content\/uploads\/2019\/05\/Laurel-logo-1.png\",\"width\":300,\"height\":432,\"caption\":\"Laurel Budapest\"},\"image\":{\"@id\":\"https:\/\/laurelbudapest.hu\/#\/schema\/logo\/image\/\"},\"sameAs\":[\"https:\/\/www.facebook.com\/laurelbudapest\"]}]}<\/script>\n<!-- \/ Yoast SEO Premium plugin. -->","yoast_head_json":{"title":"Contact - Laurel - Fine dining restaurant, top restaurant Budapest","description":"The Laurel Budapest is a modern and creative fine dining restaurant. Budapest fine dining restaurant, top restaurant Budapest","robots":{"index":"index","follow":"follow","max-snippet":"max-snippet:-1","max-image-preview":"max-image-preview:large","max-video-preview":"max-video-preview:-1"},"canonical":"https:\/\/laurelbudapest.hu\/en\/contact\/","og_locale":"en_US","og_type":"article","og_title":"Contact","og_description":"The Laurel Budapest is a modern and creative fine dining restaurant. Budapest fine dining restaurant, top restaurant Budapest","og_url":"https:\/\/laurelbudapest.hu\/en\/contact\/","og_site_name":"Laurel Budapest","article_publisher":"https:\/\/www.facebook.com\/laurelbudapest","article_modified_time":"2024-03-11T17:00:39+00:00","og_image":[{"width":1125,"height":633,"url":"https:\/\/laurelbudapest.hu\/wp-content\/uploads\/2019\/06\/Laurel-Budapest-og.jpg","type":"image\/jpeg"}],"twitter_card":"summary_large_image","twitter_misc":{"Est. reading time":"2 minutes"},"schema":{"@context":"https:\/\/schema.org","@graph":[{"@type":"WebPage","@id":"https:\/\/laurelbudapest.hu\/en\/contact\/","url":"https:\/\/laurelbudapest.hu\/en\/contact\/","name":"Contact - Laurel - Fine dining restaurant, top restaurant Budapest","isPartOf":{"@id":"https:\/\/laurelbudapest.hu\/#website"},"datePublished":"2019-05-23T11:02:50+00:00","dateModified":"2024-03-11T17:00:39+00:00","description":"The Laurel Budapest is a modern and creative fine dining restaurant. Budapest fine dining restaurant, top restaurant Budapest","breadcrumb":{"@id":"https:\/\/laurelbudapest.hu\/en\/contact\/#breadcrumb"},"inLanguage":"en-US","potentialAction":[{"@type":"ReadAction","target":["https:\/\/laurelbudapest.hu\/en\/contact\/"]}]},{"@type":"BreadcrumbList","@id":"https:\/\/laurelbudapest.hu\/en\/contact\/#breadcrumb","itemListElement":[{"@type":"ListItem","position":1,"name":"Home","item":"https:\/\/laurelbudapest.hu\/en\/"},{"@type":"ListItem","position":2,"name":"Contact"}]},{"@type":"WebSite","@id":"https:\/\/laurelbudapest.hu\/#website","url":"https:\/\/laurelbudapest.hu\/","name":"Laurel Budapest","description":"","publisher":{"@id":"https:\/\/laurelbudapest.hu\/#organization"},"potentialAction":[{"@type":"SearchAction","target":{"@type":"EntryPoint","urlTemplate":"https:\/\/laurelbudapest.hu\/?s={search_term_string}"},"query-input":{"@type":"PropertyValueSpecification","valueRequired":true,"valueName":"search_term_string"}}],"inLanguage":"en-US"},{"@type":"Organization","@id":"https:\/\/laurelbudapest.hu\/#organization","name":"Laurel Budapest","url":"https:\/\/laurelbudapest.hu\/","logo":{"@type":"ImageObject","inLanguage":"en-US","@id":"https:\/\/laurelbudapest.hu\/#\/schema\/logo\/image\/","url":"https:\/\/laurelbudapest.hu\/wp-content\/uploads\/2019\/05\/Laurel-logo-1.png","contentUrl":"https:\/\/laurelbudapest.hu\/wp-content\/uploads\/2019\/05\/Laurel-logo-1.png","width":300,"height":432,"caption":"Laurel Budapest"},"image":{"@id":"https:\/\/laurelbudapest.hu\/#\/schema\/logo\/image\/"},"sameAs":["https:\/\/www.facebook.com\/laurelbudapest"]}]}},"_links":{"self":[{"href":"https:\/\/laurelbudapest.hu\/en\/wp-json\/wp\/v2\/pages\/626","targetHints":{"allow":["GET"]}}],"collection":[{"href":"https:\/\/laurelbudapest.hu\/en\/wp-json\/wp\/v2\/pages"}],"about":[{"href":"https:\/\/laurelbudapest.hu\/en\/wp-json\/wp\/v2\/types\/page"}],"author":[{"embeddable":true,"href":"https:\/\/laurelbudapest.hu\/en\/wp-json\/wp\/v2\/users\/1"}],"replies":[{"embeddable":true,"href":"https:\/\/laurelbudapest.hu\/en\/wp-json\/wp\/v2\/comments?post=626"}],"version-history":[{"count":7,"href":"https:\/\/laurelbudapest.hu\/en\/wp-json\/wp\/v2\/pages\/626\/revisions"}],"predecessor-version":[{"id":4784,"href":"https:\/\/laurelbudapest.hu\/en\/wp-json\/wp\/v2\/pages\/626\/revisions\/4784"}],"wp:attachment":[{"href":"https:\/\/laurelbudapest.hu\/en\/wp-json\/wp\/v2\/media?parent=626"}],"curies":[{"name":"wp","href":"https:\/\/api.w.org\/{rel}","templated":true}]}}